{"id":11,"date":"2018-07-05T23:54:44","date_gmt":"2018-07-05T21:54:44","guid":{"rendered":"http:\/\/iapk.pl\/?page_id=11"},"modified":"2019-09-23T16:22:36","modified_gmt":"2019-09-23T14:22:36","slug":"rodo","status":"publish","type":"page","link":"https:\/\/iapk.pl\/index.php\/rodo\/","title":{"rendered":"RODO"},"content":{"rendered":"<p><strong>INFORMACJA<\/strong><\/p>\n<p><strong>o przetwarzaniu Twoich danych osobowych<\/strong><\/p>\n<p>(dla kontrahent\u00f3w i klient\u00f3w IAPK Marcin Krajewski)<\/p>\n<p>&nbsp;<\/p>\n<p>Zgodnie\u00a0 z\u00a0 art.\u00a0 13\u00a0 ust.\u00a0 1\u00a0 i\u00a0 ust.\u00a0 2\u00a0 og\u00f3lnego\u00a0 rozporz\u0105dzenia\u00a0 o\u00a0 ochronie\u00a0 danych\u00a0 osobowych\u00a0 z\u00a0 dnia\u00a0 27 kwietnia 2016 r. (dalej RODO) informujemy\u00a0 Ci\u0119, \u017ce <strong>Informatyka. Automatyka przemys\u0142owa. Komputery.Marcin Krajewski<\/strong>\u00a0 przetwarza\u00a0 Twoje\u00a0 dane\u00a0 osobowe.\u00a0 Szczeg\u00f3\u0142y\u00a0 tego dotycz\u0105ce znajdziesz poni\u017cej.<\/p>\n<p><strong>1. Administrator danych osobowych:<\/strong><\/p>\n<p>Informatyka. Automatyka przemys\u0142owa. Komputery.Marcin Krajewski, ul. Ksi\u0119dza Nosala 4, 39-200 D\u0119bica<\/p>\n<p>W sprawach ochrony Twoich danych osobowych i realizacji swoich praw mo\u017cesz\u00a0 si\u0119 skontaktowa\u0107 z nami pod adresem e-mail:\u00a0 info@iapk.pl, pod numerem telefonu 604 774 188 lub pisemnie na adres naszej siedziby, wskazany w pkt I.<\/p>\n<p>&nbsp;<\/p>\n<p><strong>2. Cele i podstawy przetwarzania<\/strong>:<\/p>\n<p>Przetwarzanie jest niezb\u0119dne do cel\u00f3w realizacji umowy na podstawie art. 6 ust. 1 lit. b i c. RODO.<\/p>\n<p>&nbsp;<\/p>\n<p><strong>3. Kategorie\u00a0 Twoich\u00a0 danych,\u00a0 kt\u00f3re\u00a0 przetwarzamy <\/strong><\/p>\n<p>B\u0119dziemy przetwarza\u0107 nast\u0119puj\u0105ce kategorie Twoich danych:<\/p>\n<p><em>imi\u0119 (imiona) i nazwisko,\u00a0 miejsce prowadzenia dzia\u0142alno\u015bci, adres do korespondencji, nr telefonu, adres e-mail i adres IP<\/em><\/p>\n<p>&nbsp;<\/p>\n<p><strong>4. Odbiorcy danych <\/strong><\/p>\n<p>Twoje dane osobowe mo\u017cemy udost\u0119pnia\u0107 nast\u0119puj\u0105cym kategoriom podmiot\u00f3w:<\/p>\n<p>&#8211; Web INnovative Software Sp. z o.o., ul. Boles\u0142awa Krzywoustego 105\/21, 51-166 Wroc\u0142aw &#8211; zewn\u0119trzna firma ksi\u0119gowa,\u00a0 na podstawie stosownej umowy powierzenia, celem realizacji us\u0142ug kadrowo-p\u0142acowych<\/p>\n<p>&#8211; podmiotom uprawnionym do danych na podstawie obowi\u0105zuj\u0105cych przepis\u00f3w prawa, decyzji administracyjnych, orzecze\u0144 s\u0105d\u00f3w (Policja, Prokuratura, S\u0105d, s\u0142u\u017cby odpowiedzialne za bezpiecze\u0144stwo pa\u0144stwa, KAS).<\/p>\n<p>&nbsp;<\/p>\n<p><strong>5. Przekazywanie danych do pa\u0144stw trzecich lub organizacji mi\u0119dzynarodowych <\/strong><\/p>\n<p>Nie\u00a0 przekazujemy\u00a0 Twoich\u00a0 danych\u00a0 poza\u00a0 teren\u00a0 Polski \/ UE \/ Europejskiego\u00a0 Obszaru Gospodarczego.<\/p>\n<p>&nbsp;<\/p>\n<p><strong>6. Okres przechowywania danych <\/strong><\/p>\n<p>Przez okres wskazany przez:<\/p>\n<p>&#8211; ustaw\u0119 o podatku dochodowym od os\u00f3b fizycznych<\/p>\n<p>&#8211; ustaw\u0119 o podatku od towar\u00f3w i us\u0142ug<\/p>\n<p>&#8211; ustaw\u0119 o swobodzie dzia\u0142alno\u015bci gospodarczej<\/p>\n<p>&nbsp;<\/p>\n<p><strong>7. Twoje prawa: <\/strong><\/p>\n<p>Przys\u0142uguje Ci:<\/p>\n<ol type=\"a\">\n<li> prawo dost\u0119pu do swoich danych oraz otrzymania ich kopii,\n<li> prawo do sprostowania (poprawiania) swoich danych,\n<li> ograniczenia przetwarzania danych &#8211; mo\u017cesz za\u017c\u0105da\u0107,\u00a0 aby\u015bmy\u00a0 ograniczyli\u00a0 przetwarzanie\u00a0 Twoich\u00a0 danych\u00a0 osobowych wy\u0142\u0105cznie\u00a0 do\u00a0 ich\u00a0 przechowywania\u00a0 lub\u00a0 wykonywania\u00a0 uzgodnionych\u00a0 z\u00a0 Tob\u0105 dzia\u0142a\u0144, je\u017celi\u00a0 Twoim zdaniem\u00a0 mamy\u00a0 nieprawid\u0142owe\u00a0 dane\u00a0 na\u00a0 Tw\u00f3j\u00a0 temat\u00a0 lub\u00a0 przetwarzamy je\u00a0 bezpodstawnie;\u00a0 lub\u00a0 nie\u00a0 chcesz, \u017ceby\u015bmy\u00a0 je\u00a0 usun\u0119li,\u00a0 bo\u00a0 s\u0105 Ci\u00a0 potrzebne\u00a0 do ustalenia,\u00a0 dochodzenia\u00a0 lub\u00a0 obrony\u00a0 roszcze\u0144;\u00a0 lub\u00a0 na\u00a0 czas\u00a0 wniesionego\u00a0 przez\u00a0 Ciebie sprzeciwu wzgl\u0119dem przetwarzania danych.\n<li> prawo do wniesienia skargi do organu nadzorczego &#8211; je\u017celi uwa\u017casz, \u017ce\u00a0 przetwarzamy\u00a0 Twoje\u00a0 dane\u00a0 niezgodnie\u00a0 z\u00a0 prawem,\u00a0 mo\u017cesz\u00a0 z\u0142o\u017cy\u0107 w\u00a0 tej\u00a0 sprawie\u00a0 skarg\u0119 do\u00a0 Prezesa\u00a0 Urz\u0119du Ochrony\u00a0 Danych\u00a0 Osobowych\u00a0 lub\u00a0 innego w\u0142a\u015bciwego organu nadzorczego oraz do dochodzenia swoich praw przed s\u0105dem powszechnym.\n<p>&nbsp;<\/p>\n<p><em>Administrator Danych Osobowych<\/em><\/p>\n","protected":false},"excerpt":{"rendered":"<p>INFORMACJA o przetwarzaniu Twoich danych osobowych (dla kontrahent\u00f3w i klient\u00f3w IAPK Marcin Krajewski) &nbsp; Zgodnie\u00a0 z\u00a0 art.\u00a0 13\u00a0 ust.\u00a0 1\u00a0 i\u00a0 ust.\u00a0 2\u00a0 og\u00f3lnego\u00a0 rozporz\u0105dzenia\u00a0 o\u00a0 ochronie\u00a0 danych\u00a0 osobowych\u00a0 z\u00a0 dnia\u00a0 27 kwietnia 2016 r. (dalej RODO) informujemy\u00a0 Ci\u0119, \u017ce Informatyka. Automatyka przemys\u0142owa. Komputery.Marcin Krajewski\u00a0 przetwarza\u00a0 Twoje\u00a0 dane\u00a0 osobowe.\u00a0 Szczeg\u00f3\u0142y\u00a0 tego dotycz\u0105ce znajdziesz poni\u017cej. 1. &hellip; <\/p>\n<p class=\"read-more\"><a class=\"btn btn-default\" href=\"https:\/\/iapk.pl\/index.php\/rodo\/\"> Read More<span class=\"screen-reader-text\">  Read More<\/span><\/a><\/p>\n","protected":false},"author":1,"featured_media":0,"parent":0,"menu_order":0,"comment_status":"closed","ping_status":"closed","template":"","meta":[],"_links":{"self":[{"href":"https:\/\/iapk.pl\/index.php\/wp-json\/wp\/v2\/pages\/11"}],"collection":[{"href":"https:\/\/iapk.pl\/index.php\/wp-json\/wp\/v2\/pages"}],"about":[{"href":"https:\/\/iapk.pl\/index.php\/wp-json\/wp\/v2\/types\/page"}],"author":[{"embeddable":true,"href":"https:\/\/iapk.pl\/index.php\/wp-json\/wp\/v2\/users\/1"}],"replies":[{"embeddable":true,"href":"https:\/\/iapk.pl\/index.php\/wp-json\/wp\/v2\/comments?post=11"}],"version-history":[{"count":5,"href":"https:\/\/iapk.pl\/index.php\/wp-json\/wp\/v2\/pages\/11\/revisions"}],"predecessor-version":[{"id":44,"href":"https:\/\/iapk.pl\/index.php\/wp-json\/wp\/v2\/pages\/11\/revisions\/44"}],"wp:attachment":[{"href":"https:\/\/iapk.pl\/index.php\/wp-json\/wp\/v2\/media?parent=11"}],"curies":[{"name":"wp","href":"https:\/\/api.w.org\/{rel}","templated":true}]}}