{"id":29,"date":"2018-07-06T11:01:19","date_gmt":"2018-07-06T09:01:19","guid":{"rendered":"http:\/\/iapk.pl\/?page_id=29"},"modified":"2019-09-23T16:20:03","modified_gmt":"2019-09-23T14:20:03","slug":"kontakt","status":"publish","type":"page","link":"https:\/\/iapk.pl\/index.php\/kontakt\/","title":{"rendered":"Kontakt"},"content":{"rendered":"<p style=\"padding-left: 30px;\"><strong>Informatyka. Automatyka przemys\u0142owa. Komputery. Marcin Krajewski<\/strong><\/p>\n<p>NIP<\/p>\n<p style=\"padding-left: 30px;\"><strong>8721865734<\/strong><\/p>\n<p>Adres:<\/p>\n<p style=\"padding-left: 30px;\"><strong>ul. Ksi\u0119dza Nosala 4<\/strong><\/p>\n<p style=\"padding-left: 30px;\"><strong>39-200 D\u0119bica<\/strong><\/p>\n<p>Telefon<\/p>\n<p style=\"padding-left: 30px;\"><strong>+48 604 774 188<\/strong><\/p>\n<p>E-mail<\/p>\n<p style=\"padding-left: 30px;\"><strong><a href=\"mailto:info@iapk.pl\">info@iapk.pl<\/a><\/strong><\/p>\n","protected":false},"excerpt":{"rendered":"<p>Informatyka. Automatyka przemys\u0142owa. Komputery. Marcin Krajewski NIP 8721865734 Adres: ul. Ksi\u0119dza Nosala 4 39-200 D\u0119bica Telefon +48 604 774 188 E-mail info@iapk.pl<\/p>\n","protected":false},"author":1,"featured_media":0,"parent":0,"menu_order":0,"comment_status":"closed","ping_status":"closed","template":"","meta":[],"_links":{"self":[{"href":"https:\/\/iapk.pl\/index.php\/wp-json\/wp\/v2\/pages\/29"}],"collection":[{"href":"https:\/\/iapk.pl\/index.php\/wp-json\/wp\/v2\/pages"}],"about":[{"href":"https:\/\/iapk.pl\/index.php\/wp-json\/wp\/v2\/types\/page"}],"author":[{"embeddable":true,"href":"https:\/\/iapk.pl\/index.php\/wp-json\/wp\/v2\/users\/1"}],"replies":[{"embeddable":true,"href":"https:\/\/iapk.pl\/index.php\/wp-json\/wp\/v2\/comments?post=29"}],"version-history":[{"count":4,"href":"https:\/\/iapk.pl\/index.php\/wp-json\/wp\/v2\/pages\/29\/revisions"}],"predecessor-version":[{"id":43,"href":"https:\/\/iapk.pl\/index.php\/wp-json\/wp\/v2\/pages\/29\/revisions\/43"}],"wp:attachment":[{"href":"https:\/\/iapk.pl\/index.php\/wp-json\/wp\/v2\/media?parent=29"}],"curies":[{"name":"wp","href":"https:\/\/api.w.org\/{rel}","templated":true}]}}