{"id":5,"date":"2018-07-05T23:53:17","date_gmt":"2018-07-05T21:53:17","guid":{"rendered":"http:\/\/iapk.pl\/?page_id=5"},"modified":"2023-01-13T08:57:16","modified_gmt":"2023-01-13T07:57:16","slug":"start","status":"publish","type":"page","link":"https:\/\/iapk.pl\/","title":{"rendered":"Start"},"content":{"rendered":"<h4>Proponujemy us\u0142ugi w zakresie:<\/h4>\n<ul>\n<li>informatyki w przemy\u015ble<\/li>\n<li>informatyki w s\u0142u\u017cbie zdrowia<\/li>\n<li>automatyzacji proces\u00f3w przemys\u0142owych<\/li>\n<li>programowania sterownik\u00f3w PLC<\/li>\n<li>modernizacji maszyn i urz\u0105dze\u0144<\/li>\n<li>system\u00f3w alarmowych<\/li>\n<li>system\u00f3w kontroli dostepu<\/li>\n<li>system\u00f3w rejestracji czasu pracy<\/li>\n<li>doradztwa i szkole\u0144<\/li>\n<\/ul>\n<p>&nbsp;<\/p>\n<h4>Dotychczasowe realizacje:<\/h4>\n<p>&nbsp;<\/p>\n<h5>Maszyny i urz\u0105dzenia zaprojektowane i wykonane od podstaw:<\/h5>\n<ul>\n<li>stanowisko do badania zawor\u00f3w rozrz\u0105dczych taboru kolejowego (pe\u0142ny program pr\u00f3b CARGO i VPI) + przystawka do badania zawor\u00f3w wa\u017c\u0105cych<\/li>\n<li>stanowisko do badania nacisk\u00f3w k\u00f3\u0142 w pojazdach szynowych<\/li>\n<li>stanowisko do regulacji i diagnostyki agregat\u00f3w pr\u0105dotw\u00f3rczych lokomotyw spalinowych<\/li>\n<li>stanowisko do badania charakterystyki zderzak\u00f3w kolejowych i urz\u0105dze\u0144 ci\u0119g\u0142owych<\/li>\n<li>stanowisko do badania charakterystyki resor\u00f3w i spr\u0119\u017cyn<\/li>\n<li>stanowisko do badania prowadnik\u00f3w ma\u017anic i sprz\u0119gie\u0142 Alsthoma<\/li>\n<li>stanowisko do badania obci\u0105\u017cenia w\u00f3zk\u00f3w wagonowych<\/li>\n<li>urz\u0105dzenie do wibracyjnego odpr\u0119\u017cania konstrukcji spawanych i odlewanych<\/li>\n<li>stanowisko do badania charakterystyki amortyzator\u00f3w stosowanych w pojazdach szynowych<\/li>\n<\/ul>\n<p>&nbsp;<\/p>\n<h5>Modernizacje maszyn i urz\u0105dze\u0144:<\/h5>\n<ul>\n<li>modernizacja wypalarki gazowej (sterowanie CNC + palnik plazmowy)<\/li>\n<li>modernizacja prasy do wyt\u0142aczania tarcz zderzak\u00f3w kolejowych (dostosowanie do wymog\u00f3w dyrektywy maszynowej)<\/li>\n<li>modernizacja pras do badania obci\u0105\u017cenia w\u00f3zk\u00f3w wagonowych (sterowanie PLC + komputer)<\/li>\n<li>modernizacja pras do badania spr\u0119\u017cyn (sterowanie PLC + komputer)<\/li>\n<li>modernizacja pras do zestaw\u00f3w ko\u0142owych (komputerowe sterowanie i pomiar)<\/li>\n<li>modernizacja sterowania przepompowni \u015bciek\u00f3w (zabezpieczenie pomp, naprzemienna praca pomp, rejestracja zdarze\u0144, alarmy)<\/li>\n<\/ul>\n<p>&nbsp;<\/p>\n<h5>Systemy kontroli dost\u0119pu i rejestracji czasu pracy.<\/h5>\n<h5>Administracja centralami telefonicznymi Panasonic<\/h5>\n<h5>Wdro\u017cenia i administracja systemami komputerowymi w szpitalach i przychodniach.<\/h5>\n<h5>Administracja bazami danych Oracle, PostgreSQL, Firebird, MySQL\/MariaDB<\/h5>\n<h5>Administracja serwerami Linux<\/h5>\n","protected":false},"excerpt":{"rendered":"<p>Proponujemy us\u0142ugi w zakresie: informatyki w przemy\u015ble informatyki w s\u0142u\u017cbie zdrowia automatyzacji proces\u00f3w przemys\u0142owych programowania sterownik\u00f3w PLC modernizacji maszyn i urz\u0105dze\u0144 system\u00f3w alarmowych system\u00f3w kontroli dostepu system\u00f3w rejestracji czasu pracy doradztwa i szkole\u0144 &nbsp; Dotychczasowe realizacje: &nbsp; Maszyny i urz\u0105dzenia zaprojektowane i wykonane od podstaw: stanowisko do badania zawor\u00f3w rozrz\u0105dczych taboru kolejowego (pe\u0142ny program pr\u00f3b &hellip; <\/p>\n<p class=\"read-more\"><a class=\"btn btn-default\" href=\"https:\/\/iapk.pl\/\"> Read More<span class=\"screen-reader-text\">  Read More<\/span><\/a><\/p>\n","protected":false},"author":1,"featured_media":0,"parent":0,"menu_order":0,"comment_status":"closed","ping_status":"closed","template":"","meta":[],"_links":{"self":[{"href":"https:\/\/iapk.pl\/index.php\/wp-json\/wp\/v2\/pages\/5"}],"collection":[{"href":"https:\/\/iapk.pl\/index.php\/wp-json\/wp\/v2\/pages"}],"about":[{"href":"https:\/\/iapk.pl\/index.php\/wp-json\/wp\/v2\/types\/page"}],"author":[{"embeddable":true,"href":"https:\/\/iapk.pl\/index.php\/wp-json\/wp\/v2\/users\/1"}],"replies":[{"embeddable":true,"href":"https:\/\/iapk.pl\/index.php\/wp-json\/wp\/v2\/comments?post=5"}],"version-history":[{"count":10,"href":"https:\/\/iapk.pl\/index.php\/wp-json\/wp\/v2\/pages\/5\/revisions"}],"predecessor-version":[{"id":55,"href":"https:\/\/iapk.pl\/index.php\/wp-json\/wp\/v2\/pages\/5\/revisions\/55"}],"wp:attachment":[{"href":"https:\/\/iapk.pl\/index.php\/wp-json\/wp\/v2\/media?parent=5"}],"curies":[{"name":"wp","href":"https:\/\/api.w.org\/{rel}","templated":true}]}}